{"id":1767,"date":"2023-01-26T12:05:39","date_gmt":"2023-01-26T12:05:39","guid":{"rendered":"https:\/\/hilandarwines.com\/?page_id=1767"},"modified":"2025-04-28T21:13:37","modified_gmt":"2025-04-28T21:13:37","slug":"hilandar-nama","status":"publish","type":"page","link":"https:\/\/hilandarwines.com\/de\/the-wines\/hilandar-nama\/","title":{"rendered":"Hilandar"},"content":{"rendered":"\n<figure class=\"wp-block-gallery has-nested-images columns-default is-cropped slider wp-block-gallery-1 is-layout-flex wp-block-gallery-is-layout-flex\">\n<figure class=\"wp-block-image size-large\"><img decoding=\"async\" data-id=\"1672\" src=\"https:\/\/hilandarwines.com\/wp-content\/uploads\/2022\/03\/Hilandar-Monastery-NAMA-CloseUp-scaled-1-1440x810.png\" alt=\"\" class=\"wp-image-1672\" \/><\/figure>\n<\/figure>\n<div data-block-name=\"woocommerce\/featured-product\" data-edit-mode=\"false\" data-focal-point=\"{&quot;x&quot;:&quot;0.51&quot;,&quot;y&quot;:&quot;0.48&quot;}\" data-media-id=\"1694\" data-media-src=\"https:\/\/hilandarwines.com\/wp-content\/uploads\/2022\/03\/NAMAWhitebg-1920x2791-1-scaled.jpg\" data-product-id=\"1656\" class=\"wc-block-featured-product alignnone has-background-dim wp-block-woocommerce-featured-product\" style=\"min-height:500px;\"><div class=\"wc-block-featured-product__wrapper\"><div class=\"background-dim__overlay\" style=\"background-color: #000000\"><\/div><img decoding=\"async\" alt=\"Hilandar\" class=\"wc-block-featured-product__background-image\" src=\"https:\/\/hilandarwines.com\/wp-content\/uploads\/2022\/03\/NAMAWhitebg-1920x2791-1-1440x2093.jpg\" style=\"object-fit: none;object-position: 51% 48%;\" \/><h2 class=\"wc-block-featured-product__title\">Hilandar<\/h2><div class=\"wc-block-featured-product__description\"><h2 class=\"product_short_description_title text-uppercase\">Beschreibung<\/h2><p>Nama \u2013 roter Messwein f\u00fcr orthodoxe Messen (Kommunionswein) mit besonderem Segen des Klosterabtes vom Kloster Hilandar<\/p>\n<p>Dieser rote S\u00fcsswein basiert aus Jahrhunderte alten Rezepten des Klosters. Die Trauben werden sp\u00e4t geerntet und tragen so zum erh\u00f6hten Zuckergehalt der Frucht bei. So entsteht dieser S\u00fcsswein ohne zus\u00e4tzlichen Zuckerzusatz.<\/p>\n<p>Dieser schmeckt hervorragend als Dessertwein.  Dieser rote S\u00fcsswein dient bei den orthodoxen Christen vor allem bei der Kommunion.<\/p>\n<\/div><div class=\"wc-block-featured-product__price\"><span class=\"woocommerce-Price-amount amount\"><span class=\"woocommerce-Price-currencySymbol\">&euro;<\/span>10.00<\/span><\/div><div class=\"wc-block-featured-product__link\">\n\n<div class=\"wp-block-button aligncenter\"><a class=\"wp-block-button__link\" href=\"https:\/\/hilandarwines.com\/the-wines\/hilandar-nama-2021\/\">Shop now<\/a><\/div>\n\n<\/div><\/div><\/div><section class=\"md-products padding-t-110 padding-b-230 bg-grayLighter bg-white-JS\"><div class=\"container\"><div class=\"row justify-content-around\"><div class=\"col-xl-1\"><\/div><div class=\"col-xl-2\"><div class=\"product\"><a href=\"https:\/\/hilandarwines.com\/de\/the-wines\/st-savvas-field-2011\/\"><figure><img decoding=\"async\" src=\"\" srcset=\"https:\/\/hilandarwines.com\/wp-content\/uploads\/2020\/03\/StSavasWithShadows-400x400.png 400w, https:\/\/hilandarwines.com\/wp-content\/uploads\/2020\/03\/StSavasWithShadows-990x990.png 990w, https:\/\/hilandarwines.com\/wp-content\/uploads\/2020\/03\/StSavasWithShadows-1440x1440.png 1440w, https:\/\/hilandarwines.com\/wp-content\/uploads\/2020\/03\/StSavasWithShadows-1920x1920.png 1920w\" alt=\"St. Savva\u2019s Field 2014 - Hilandar Shop\" title=\"St. Savva\u2019s Field 2014 - Hilandar Shop\"><\/figure><\/a><div class=\"product-content\"><a href=\"https:\/\/hilandarwines.com\/de\/the-wines\/st-savvas-field-2011\/\"><h2 class=\"product-title h-lg\">St. Savva\u2019s Field 2014<br><i>2016<\/i><\/h2><\/a><\/div><div class=\"editor\">Tiefrote Farbe mit violetten Nuancen am Rand. Reichhaltiger Geschmack mit schwarzen Fr\u00fcchten, Lakritzaromen und Spuren von Leder und Cassis. Feine Tannine, langer und herrlicher Nachgeschmack. St. Sava's Field 2014 verbleibt 12 Monate in f\u00fcnf Tonnen schweren franz\u00f6sischen Eichenf\u00e4ssern, 12 Monate in 225 lt Eichenf\u00e4ssern. und 12 Monate in der Flasche.<\/div><a href=\"https:\/\/hilandarwines.com\/de\/the-wines\/st-savvas-field-2011\/\" class=\"product-link text-uppercase\">mehr erfahren<\/a><\/div><\/div><div class=\"col-xl-2\"><div class=\"product\"><a href=\"https:\/\/hilandarwines.com\/de\/the-wines\/hilandar-red-2017\/\"><figure><img decoding=\"async\" src=\"\" srcset=\"https:\/\/hilandarwines.com\/wp-content\/uploads\/2020\/03\/REDTransWithShadow-400x400.png 400w, https:\/\/hilandarwines.com\/wp-content\/uploads\/2020\/03\/REDTransWithShadow-990x990.png 990w, https:\/\/hilandarwines.com\/wp-content\/uploads\/2020\/03\/REDTransWithShadow-1440x1440.png 1440w, https:\/\/hilandarwines.com\/wp-content\/uploads\/2020\/03\/REDTransWithShadow-1920x1920.png 1920w\" alt=\"Hilandar Red 2017 - Hilandar Shop\" title=\"Hilandar Red 2017 - Hilandar Shop\"><\/figure><\/a><div class=\"product-content\"><a href=\"https:\/\/hilandarwines.com\/de\/the-wines\/hilandar-red-2017\/\"><h2 class=\"product-title h-lg\">Hilandar Red 2017<br><i>Red 2019<\/i><\/h2><\/a><\/div><div class=\"editor\">Tiefer Rubin mit violetten Reflexen. Aromen wie wilde Sauerkirsche, schwarze Johannisbeere, Kirsche und Thymian. Reichhaltig, lecker im Mund mit sp\u00fcrbarer S\u00e4ure und samtiger Textur. Hilandar bleibt 12 Monate in Eichenf\u00e4ssern von 225 lt. und 12 Monate in der Flasche.<\/div><a href=\"https:\/\/hilandarwines.com\/de\/the-wines\/hilandar-red-2017\/\" class=\"product-link text-uppercase\">mehr erfahren<\/a><\/div><\/div><div class=\"col-xl-2\"><div class=\"product\"><a href=\"https:\/\/hilandarwines.com\/de\/the-wines\/hilandar-rose-2020\/\"><figure><img decoding=\"async\" src=\"\" srcset=\"https:\/\/hilandarwines.com\/wp-content\/uploads\/2020\/03\/rozeTransShadows-1-400x400.png 400w, https:\/\/hilandarwines.com\/wp-content\/uploads\/2020\/03\/rozeTransShadows-1-990x990.png 990w, https:\/\/hilandarwines.com\/wp-content\/uploads\/2020\/03\/rozeTransShadows-1-1440x1440.png 1440w, https:\/\/hilandarwines.com\/wp-content\/uploads\/2020\/03\/rozeTransShadows-1-1920x1920.png 1920w\" alt=\"Hilandar Ros\u00e9 2022 - Hilandar Shop\" title=\"Hilandar Ros\u00e9 2022 - Hilandar Shop\"><\/figure><\/a><div class=\"product-content\"><a href=\"https:\/\/hilandarwines.com\/de\/the-wines\/hilandar-rose-2020\/\"><h2 class=\"product-title h-lg\">Hilandar Ros\u00e9 2022<br><i>Ros\u00e9 2024<\/i><\/h2><\/a><\/div><div class=\"editor\">Blasse Lachsfarbe, elegante Nase mit intensiven Aromen von Erdbeeren, Kirschen der K\u00f6nigin Anne und wei\u00dffleischigen Fr\u00fcchten. Mittelvolumiger Mund mit erfrischenden S\u00e4ure- und Geschmackseigenschaften von Rot- und Zitrusfr\u00fcchten, darunter Noten von Toffee. Langer und fruchtiger Nachgeschmack.<\/div><a href=\"https:\/\/hilandarwines.com\/de\/the-wines\/hilandar-rose-2020\/\" class=\"product-link text-uppercase\">mehr erfahren<\/a><\/div><\/div><div class=\"col-xl-1\"><\/div><\/div><\/div><\/section>\n","protected":false},"excerpt":{"rendered":"","protected":false},"author":3,"featured_media":0,"parent":1087,"menu_order":3,"comment_status":"closed","ping_status":"closed","template":"","meta":{"footnotes":""},"class_list":["post-1767","page","type-page","status-publish","hentry"],"_links":{"self":[{"href":"https:\/\/hilandarwines.com\/de\/wp-json\/wp\/v2\/pages\/1767","targetHints":{"allow":["GET"]}}],"collection":[{"href":"https:\/\/hilandarwines.com\/de\/wp-json\/wp\/v2\/pages"}],"about":[{"href":"https:\/\/hilandarwines.com\/de\/wp-json\/wp\/v2\/types\/page"}],"author":[{"embeddable":true,"href":"https:\/\/hilandarwines.com\/de\/wp-json\/wp\/v2\/users\/3"}],"replies":[{"embeddable":true,"href":"https:\/\/hilandarwines.com\/de\/wp-json\/wp\/v2\/comments?post=1767"}],"version-history":[{"count":3,"href":"https:\/\/hilandarwines.com\/de\/wp-json\/wp\/v2\/pages\/1767\/revisions"}],"predecessor-version":[{"id":1807,"href":"https:\/\/hilandarwines.com\/de\/wp-json\/wp\/v2\/pages\/1767\/revisions\/1807"}],"up":[{"embeddable":true,"href":"https:\/\/hilandarwines.com\/de\/wp-json\/wp\/v2\/pages\/1087"}],"wp:attachment":[{"href":"https:\/\/hilandarwines.com\/de\/wp-json\/wp\/v2\/media?parent=1767"}],"curies":[{"name":"wp","href":"https:\/\/api.w.org\/{rel}","templated":true}]}}