{"id":1231,"date":"2020-07-30T09:30:27","date_gmt":"2020-07-30T09:30:27","guid":{"rendered":"https:\/\/hilandarwines.com\/?page_id=1231"},"modified":"2021-01-05T12:46:13","modified_gmt":"2021-01-05T12:46:13","slug":"harvest","status":"publish","type":"page","link":"https:\/\/hilandarwines.com\/de\/harvest\/","title":{"rendered":"Harvest"},"content":{"rendered":"\n<figure class=\"wp-block-gallery columns-1 is-cropped slider main wp-block-gallery-1 is-layout-flex wp-block-gallery-is-layout-flex\"><ul class=\"blocks-gallery-grid\"><li class=\"blocks-gallery-item\"><figure><img loading=\"lazy\" decoding=\"async\" width=\"1440\" height=\"810\" src=\"https:\/\/hilandarwines.com\/wp-content\/uploads\/2020\/06\/harvest-hilandar_wines-1440x810.jpg\" alt=\"\" data-id=\"588\" data-full-url=\"https:\/\/hilandarwines.com\/wp-content\/uploads\/2020\/06\/harvest-hilandar_wines-scaled.jpg\" data-link=\"https:\/\/hilandarwines.com\/harvest\/attachment\/harvest-hilandar_wines-2\/\" class=\"wp-image-588\" srcset=\"https:\/\/hilandarwines.com\/wp-content\/uploads\/2020\/06\/harvest-hilandar_wines-1440x810.jpg 1440w, https:\/\/hilandarwines.com\/wp-content\/uploads\/2020\/06\/harvest-hilandar_wines-990x557.jpg 990w, https:\/\/hilandarwines.com\/wp-content\/uploads\/2020\/06\/harvest-hilandar_wines-1920x1080.jpg 1920w, https:\/\/hilandarwines.com\/wp-content\/uploads\/2020\/06\/harvest-hilandar_wines-400x225.jpg 400w\" sizes=\"auto, (max-width: 1440px) 100vw, 1440px\" \/><\/figure><\/li><\/ul><\/figure>\n\n\n\n<div class=\"wp-block-group\"><div class=\"wp-block-group__inner-container is-layout-flow wp-block-group-is-layout-flow\">\n<figure class=\"wp-block-gallery columns-1 is-cropped wp-block-gallery-2 is-layout-flex wp-block-gallery-is-layout-flex\"><ul class=\"blocks-gallery-grid\"><li class=\"blocks-gallery-item\"><figure><img loading=\"lazy\" decoding=\"async\" width=\"1440\" height=\"810\" src=\"https:\/\/hilandarwines.com\/wp-content\/uploads\/2020\/06\/harvest_1-hilandar_wines-1440x810.jpg\" alt=\"\" data-id=\"590\" data-full-url=\"https:\/\/hilandarwines.com\/wp-content\/uploads\/2020\/06\/harvest_1-hilandar_wines-scaled.jpg\" data-link=\"https:\/\/hilandarwines.com\/harvest\/attachment\/harvest_1-hilandar_wines-2\/\" class=\"wp-image-590\" srcset=\"https:\/\/hilandarwines.com\/wp-content\/uploads\/2020\/06\/harvest_1-hilandar_wines-1440x810.jpg 1440w, https:\/\/hilandarwines.com\/wp-content\/uploads\/2020\/06\/harvest_1-hilandar_wines-990x557.jpg 990w, https:\/\/hilandarwines.com\/wp-content\/uploads\/2020\/06\/harvest_1-hilandar_wines-1920x1080.jpg 1920w, https:\/\/hilandarwines.com\/wp-content\/uploads\/2020\/06\/harvest_1-hilandar_wines-400x225.jpg 400w\" sizes=\"auto, (max-width: 1440px) 100vw, 1440px\" \/><\/figure><\/li><\/ul><\/figure>\n\n\n\n<p>Die Trauben werden von den heiligen V\u00e4tern des Klosters mit Hingabe von Hand gesammelt, w\u00e4hrend die Weinbereitung und Abf\u00fcllung im Weingut des Heiligen Klosters von Hilandar durchgef\u00fchrt wird.<\/p>\n<\/div><\/div>\n\n\n\n<figure class=\"wp-block-gallery columns-1 is-cropped slider wp-block-gallery-3 is-layout-flex wp-block-gallery-is-layout-flex\"><ul class=\"blocks-gallery-grid\"><li class=\"blocks-gallery-item\"><figure><img loading=\"lazy\" decoding=\"async\" width=\"1440\" height=\"811\" src=\"https:\/\/hilandarwines.com\/wp-content\/uploads\/2020\/06\/harvest_2-hilandar_wines-1440x811.jpg\" alt=\"\" data-id=\"592\" data-full-url=\"https:\/\/hilandarwines.com\/wp-content\/uploads\/2020\/06\/harvest_2-hilandar_wines.jpg\" data-link=\"https:\/\/hilandarwines.com\/harvest\/attachment\/harvest_2-hilandar_wines-2\/\" class=\"wp-image-592\" srcset=\"https:\/\/hilandarwines.com\/wp-content\/uploads\/2020\/06\/harvest_2-hilandar_wines-1440x811.jpg 1440w, https:\/\/hilandarwines.com\/wp-content\/uploads\/2020\/06\/harvest_2-hilandar_wines-990x557.jpg 990w, https:\/\/hilandarwines.com\/wp-content\/uploads\/2020\/06\/harvest_2-hilandar_wines-400x225.jpg 400w, https:\/\/hilandarwines.com\/wp-content\/uploads\/2020\/06\/harvest_2-hilandar_wines.jpg 1920w\" sizes=\"auto, (max-width: 1440px) 100vw, 1440px\" \/><\/figure><\/li><\/ul><\/figure>\n\n\n\n<div class=\"wp-block-group\"><div class=\"wp-block-group__inner-container is-layout-flow wp-block-group-is-layout-flow\">\n<figure class=\"wp-block-gallery columns-2 is-cropped wp-block-gallery-4 is-layout-flex wp-block-gallery-is-layout-flex\"><ul class=\"blocks-gallery-grid\"><li class=\"blocks-gallery-item\"><figure><img loading=\"lazy\" decoding=\"async\" width=\"1440\" height=\"1920\" src=\"https:\/\/hilandarwines.com\/wp-content\/uploads\/2020\/06\/190829_G3A6068_y2160-1440x1920.jpg\" alt=\"\" data-id=\"1048\" data-full-url=\"https:\/\/hilandarwines.com\/wp-content\/uploads\/2020\/06\/190829_G3A6068_y2160-scaled.jpg\" data-link=\"https:\/\/hilandarwines.com\/harvest\/attachment\/190829_g3a6068_y2160\/\" class=\"wp-image-1048\" srcset=\"https:\/\/hilandarwines.com\/wp-content\/uploads\/2020\/06\/190829_G3A6068_y2160-1440x1920.jpg 1440w, https:\/\/hilandarwines.com\/wp-content\/uploads\/2020\/06\/190829_G3A6068_y2160-990x1320.jpg 990w, https:\/\/hilandarwines.com\/wp-content\/uploads\/2020\/06\/190829_G3A6068_y2160-scaled.jpg 1920w, https:\/\/hilandarwines.com\/wp-content\/uploads\/2020\/06\/190829_G3A6068_y2160-400x533.jpg 400w\" sizes=\"auto, (max-width: 1440px) 100vw, 1440px\" \/><\/figure><\/li><li class=\"blocks-gallery-item\"><figure><img loading=\"lazy\" decoding=\"async\" width=\"1440\" height=\"810\" src=\"https:\/\/hilandarwines.com\/wp-content\/uploads\/2020\/06\/harvest_4-hilandar_wines-1440x810.jpg\" alt=\"\" data-id=\"649\" data-full-url=\"https:\/\/hilandarwines.com\/wp-content\/uploads\/2020\/06\/harvest_4-hilandar_wines-scaled.jpg\" data-link=\"https:\/\/hilandarwines.com\/hilandar\/attachment\/harvest_4-hilandar_wines\/\" class=\"wp-image-649\" srcset=\"https:\/\/hilandarwines.com\/wp-content\/uploads\/2020\/06\/harvest_4-hilandar_wines-1440x810.jpg 1440w, https:\/\/hilandarwines.com\/wp-content\/uploads\/2020\/06\/harvest_4-hilandar_wines-990x557.jpg 990w, https:\/\/hilandarwines.com\/wp-content\/uploads\/2020\/06\/harvest_4-hilandar_wines-1920x1080.jpg 1920w, https:\/\/hilandarwines.com\/wp-content\/uploads\/2020\/06\/harvest_4-hilandar_wines-400x225.jpg 400w\" sizes=\"auto, (max-width: 1440px) 100vw, 1440px\" \/><\/figure><\/li><\/ul><\/figure>\n<\/div><\/div>\n\n\n\n<figure class=\"wp-block-gallery columns-1 is-cropped slider wp-block-gallery-5 is-layout-flex wp-block-gallery-is-layout-flex\"><ul class=\"blocks-gallery-grid\"><li class=\"blocks-gallery-item\"><figure><img loading=\"lazy\" decoding=\"async\" width=\"1440\" height=\"810\" src=\"https:\/\/hilandarwines.com\/wp-content\/uploads\/2020\/05\/harvest_5-hilandar_wines-1440x810.jpg\" alt=\"\" data-id=\"325\" data-full-url=\"https:\/\/hilandarwines.com\/wp-content\/uploads\/2020\/05\/harvest_5-hilandar_wines-scaled.jpg\" data-link=\"https:\/\/hilandarwines.com\/harvest\/attachment\/harvest_5-hilandar_wines\/\" class=\"wp-image-325\" srcset=\"https:\/\/hilandarwines.com\/wp-content\/uploads\/2020\/05\/harvest_5-hilandar_wines-1440x810.jpg 1440w, https:\/\/hilandarwines.com\/wp-content\/uploads\/2020\/05\/harvest_5-hilandar_wines-990x557.jpg 990w, https:\/\/hilandarwines.com\/wp-content\/uploads\/2020\/05\/harvest_5-hilandar_wines-1920x1080.jpg 1920w, https:\/\/hilandarwines.com\/wp-content\/uploads\/2020\/05\/harvest_5-hilandar_wines-400x225.jpg 400w\" sizes=\"auto, (max-width: 1440px) 100vw, 1440px\" \/><\/figure><\/li><\/ul><\/figure>\n","protected":false},"excerpt":{"rendered":"<p>Die Trauben werden von den heiligen V\u00e4tern des Klosters mit Hingabe von Hand gesammelt, w\u00e4hrend die Weinbereitung und Abf\u00fcllung im Weingut des Heiligen Klosters von Hilandar durchgef\u00fchrt wird.<\/p>\n","protected":false},"author":1,"featured_media":1126,"parent":0,"menu_order":0,"comment_status":"closed","ping_status":"closed","template":"","meta":{"footnotes":""},"class_list":["post-1231","page","type-page","status-publish","has-post-thumbnail","hentry"],"_links":{"self":[{"href":"https:\/\/hilandarwines.com\/de\/wp-json\/wp\/v2\/pages\/1231","targetHints":{"allow":["GET"]}}],"collection":[{"href":"https:\/\/hilandarwines.com\/de\/wp-json\/wp\/v2\/pages"}],"about":[{"href":"https:\/\/hilandarwines.com\/de\/wp-json\/wp\/v2\/types\/page"}],"author":[{"embeddable":true,"href":"https:\/\/hilandarwines.com\/de\/wp-json\/wp\/v2\/users\/1"}],"replies":[{"embeddable":true,"href":"https:\/\/hilandarwines.com\/de\/wp-json\/wp\/v2\/comments?post=1231"}],"version-history":[{"count":3,"href":"https:\/\/hilandarwines.com\/de\/wp-json\/wp\/v2\/pages\/1231\/revisions"}],"predecessor-version":[{"id":1563,"href":"https:\/\/hilandarwines.com\/de\/wp-json\/wp\/v2\/pages\/1231\/revisions\/1563"}],"wp:featuredmedia":[{"embeddable":true,"href":"https:\/\/hilandarwines.com\/de\/wp-json\/wp\/v2\/media\/1126"}],"wp:attachment":[{"href":"https:\/\/hilandarwines.com\/de\/wp-json\/wp\/v2\/media?parent=1231"}],"curies":[{"name":"wp","href":"https:\/\/api.w.org\/{rel}","templated":true}]}}