{"id":1107,"date":"2020-07-10T08:54:41","date_gmt":"2020-07-10T08:54:41","guid":{"rendered":"https:\/\/hilandarwines.com\/?page_id=1107"},"modified":"2021-01-08T09:01:42","modified_gmt":"2021-01-08T09:01:42","slug":"the-winery","status":"publish","type":"page","link":"https:\/\/hilandarwines.com\/de\/the-winery\/","title":{"rendered":"The Winery"},"content":{"rendered":"\n<figure class=\"wp-block-gallery columns-1 is-cropped slider main wp-block-gallery-1 is-layout-flex wp-block-gallery-is-layout-flex\"><ul class=\"blocks-gallery-grid\"><li class=\"blocks-gallery-item\"><figure><img loading=\"lazy\" decoding=\"async\" width=\"1440\" height=\"810\" src=\"https:\/\/hilandarwines.com\/wp-content\/uploads\/2020\/06\/the_winery-hilandar_wines-1440x810.jpg\" alt=\"\" data-id=\"579\" data-full-url=\"https:\/\/hilandarwines.com\/wp-content\/uploads\/2020\/06\/the_winery-hilandar_wines-scaled.jpg\" data-link=\"https:\/\/hilandarwines.com\/the-winery\/attachment\/the_winery-hilandar_wines-2\/\" class=\"wp-image-579\" srcset=\"https:\/\/hilandarwines.com\/wp-content\/uploads\/2020\/06\/the_winery-hilandar_wines-1440x810.jpg 1440w, https:\/\/hilandarwines.com\/wp-content\/uploads\/2020\/06\/the_winery-hilandar_wines-990x557.jpg 990w, https:\/\/hilandarwines.com\/wp-content\/uploads\/2020\/06\/the_winery-hilandar_wines-1920x1080.jpg 1920w, https:\/\/hilandarwines.com\/wp-content\/uploads\/2020\/06\/the_winery-hilandar_wines-400x225.jpg 400w\" sizes=\"auto, (max-width: 1440px) 100vw, 1440px\" \/><\/figure><\/li><\/ul><\/figure>\n\n\n\n<div class=\"wp-block-group\"><div class=\"wp-block-group__inner-container is-layout-flow wp-block-group-is-layout-flow\">\n<p>Die Notwendigkeit, ein neues Weingut zu schaffen, das den Bedarf f\u00fcr die Produktion gr\u00f6\u00dferer Weinmengen decken kann, entstand nach dem verheerenden Brand des Jahres 2004, der den Klosterkomplex des Heiligen Klosters Hilandar fast vollst\u00e4ndig zerst\u00f6rte.<\/p>\n\n\n\n<figure class=\"wp-block-gallery columns-1 is-cropped wp-block-gallery-2 is-layout-flex wp-block-gallery-is-layout-flex\"><ul class=\"blocks-gallery-grid\"><li class=\"blocks-gallery-item\"><figure><img loading=\"lazy\" decoding=\"async\" width=\"1440\" height=\"810\" src=\"https:\/\/hilandarwines.com\/wp-content\/uploads\/2020\/06\/the_winery_2-hilandar_wines-1440x810.jpg\" alt=\"\" data-id=\"581\" data-full-url=\"https:\/\/hilandarwines.com\/wp-content\/uploads\/2020\/06\/the_winery_2-hilandar_wines-scaled.jpg\" data-link=\"https:\/\/hilandarwines.com\/the-winery\/attachment\/the_winery_2-hilandar_wines-2\/\" class=\"wp-image-581\" srcset=\"https:\/\/hilandarwines.com\/wp-content\/uploads\/2020\/06\/the_winery_2-hilandar_wines-1440x810.jpg 1440w, https:\/\/hilandarwines.com\/wp-content\/uploads\/2020\/06\/the_winery_2-hilandar_wines-990x557.jpg 990w, https:\/\/hilandarwines.com\/wp-content\/uploads\/2020\/06\/the_winery_2-hilandar_wines-1920x1080.jpg 1920w, https:\/\/hilandarwines.com\/wp-content\/uploads\/2020\/06\/the_winery_2-hilandar_wines-400x225.jpg 400w\" sizes=\"auto, (max-width: 1440px) 100vw, 1440px\" \/><\/figure><\/li><\/ul><\/figure>\n\n\n\n<p>Die Notwendigkeit, ein neues Weingut zu schaffen, das den Bedarf f\u00fcr die Produktion gr\u00f6\u00dferer Weinmengen decken kann, entstand nach dem verheerenden Brand des Jahres 2004, der den Klosterkomplex des Heiligen Klosters Hilandar fast vollst\u00e4ndig zerst\u00f6rte.<\/p>\n<\/div><\/div>\n\n\n\n<figure class=\"wp-block-gallery columns-1 is-cropped slider wp-block-gallery-3 is-layout-flex wp-block-gallery-is-layout-flex\"><ul class=\"blocks-gallery-grid\"><li class=\"blocks-gallery-item\"><figure><img loading=\"lazy\" decoding=\"async\" width=\"1440\" height=\"810\" src=\"https:\/\/hilandarwines.com\/wp-content\/uploads\/2020\/06\/the_winery_3-hilandar_wines-1440x810.jpg\" alt=\"\" data-id=\"583\" data-full-url=\"https:\/\/hilandarwines.com\/wp-content\/uploads\/2020\/06\/the_winery_3-hilandar_wines-scaled.jpg\" data-link=\"https:\/\/hilandarwines.com\/the-winery\/attachment\/the_winery_3-hilandar_wines-2\/\" class=\"wp-image-583\" srcset=\"https:\/\/hilandarwines.com\/wp-content\/uploads\/2020\/06\/the_winery_3-hilandar_wines-1440x810.jpg 1440w, https:\/\/hilandarwines.com\/wp-content\/uploads\/2020\/06\/the_winery_3-hilandar_wines-990x557.jpg 990w, https:\/\/hilandarwines.com\/wp-content\/uploads\/2020\/06\/the_winery_3-hilandar_wines-1920x1080.jpg 1920w, https:\/\/hilandarwines.com\/wp-content\/uploads\/2020\/06\/the_winery_3-hilandar_wines-400x225.jpg 400w\" sizes=\"auto, (max-width: 1440px) 100vw, 1440px\" \/><\/figure><\/li><\/ul><\/figure>\n\n\n\n<div class=\"wp-block-group\"><div class=\"wp-block-group__inner-container is-layout-flow wp-block-group-is-layout-flow\">\n<p>Heute befindet sich das moderne Weingut des Klosters Hilandar in einem traditionellen Steingeb\u00e4ude mit Kellern aus dem Jahr 1734 in der N\u00e4he des Weinbergs Saint Savas.<\/p>\n\n\n\n<figure class=\"wp-block-gallery columns-2 is-cropped overlap wp-block-gallery-4 is-layout-flex wp-block-gallery-is-layout-flex\"><ul class=\"blocks-gallery-grid\"><li class=\"blocks-gallery-item\"><figure><img loading=\"lazy\" decoding=\"async\" width=\"1440\" height=\"811\" src=\"https:\/\/hilandarwines.com\/wp-content\/uploads\/2020\/06\/harvest_2-hilandar_wines-1440x811.jpg\" alt=\"\" data-id=\"1124\" data-full-url=\"https:\/\/hilandarwines.com\/wp-content\/uploads\/2020\/06\/harvest_2-hilandar_wines.jpg\" data-link=\"https:\/\/hilandarwines.com\/de\/harvest\/attachment\/harvest_2-hilandar_wines-2\/\" class=\"wp-image-1124\" srcset=\"https:\/\/hilandarwines.com\/wp-content\/uploads\/2020\/06\/harvest_2-hilandar_wines-1440x811.jpg 1440w, https:\/\/hilandarwines.com\/wp-content\/uploads\/2020\/06\/harvest_2-hilandar_wines-990x557.jpg 990w, https:\/\/hilandarwines.com\/wp-content\/uploads\/2020\/06\/harvest_2-hilandar_wines-400x225.jpg 400w, https:\/\/hilandarwines.com\/wp-content\/uploads\/2020\/06\/harvest_2-hilandar_wines.jpg 1920w\" sizes=\"auto, (max-width: 1440px) 100vw, 1440px\" \/><\/figure><\/li><li class=\"blocks-gallery-item\"><figure><img loading=\"lazy\" decoding=\"async\" width=\"1440\" height=\"958\" src=\"https:\/\/hilandarwines.com\/wp-content\/uploads\/2020\/06\/the_winery_5-hilandar_wines-1440x958.jpg\" alt=\"\" data-id=\"584\" data-full-url=\"https:\/\/hilandarwines.com\/wp-content\/uploads\/2020\/06\/the_winery_5-hilandar_wines-scaled.jpg\" data-link=\"https:\/\/hilandarwines.com\/the-winery\/attachment\/the_winery_5-hilandar_wines-2\/\" class=\"wp-image-584\" srcset=\"https:\/\/hilandarwines.com\/wp-content\/uploads\/2020\/06\/the_winery_5-hilandar_wines-1440x958.jpg 1440w, https:\/\/hilandarwines.com\/wp-content\/uploads\/2020\/06\/the_winery_5-hilandar_wines-990x659.jpg 990w, https:\/\/hilandarwines.com\/wp-content\/uploads\/2020\/06\/the_winery_5-hilandar_wines-1920x1278.jpg 1920w, https:\/\/hilandarwines.com\/wp-content\/uploads\/2020\/06\/the_winery_5-hilandar_wines-400x266.jpg 400w\" sizes=\"auto, (max-width: 1440px) 100vw, 1440px\" \/><\/figure><\/li><\/ul><\/figure>\n<\/div><\/div>\n\n\n\n<figure class=\"wp-block-gallery columns-1 is-cropped slider wp-block-gallery-5 is-layout-flex wp-block-gallery-is-layout-flex\"><ul class=\"blocks-gallery-grid\"><li class=\"blocks-gallery-item\"><figure><img loading=\"lazy\" decoding=\"async\" width=\"1440\" height=\"810\" src=\"https:\/\/hilandarwines.com\/wp-content\/uploads\/2020\/06\/the_winery_6-hilandar_wines-1440x810.jpg\" alt=\"\" data-id=\"586\" data-full-url=\"https:\/\/hilandarwines.com\/wp-content\/uploads\/2020\/06\/the_winery_6-hilandar_wines-scaled.jpg\" data-link=\"https:\/\/hilandarwines.com\/the-winery\/attachment\/the_winery_6-hilandar_wines-2\/\" class=\"wp-image-586\" srcset=\"https:\/\/hilandarwines.com\/wp-content\/uploads\/2020\/06\/the_winery_6-hilandar_wines-1440x810.jpg 1440w, https:\/\/hilandarwines.com\/wp-content\/uploads\/2020\/06\/the_winery_6-hilandar_wines-990x557.jpg 990w, https:\/\/hilandarwines.com\/wp-content\/uploads\/2020\/06\/the_winery_6-hilandar_wines-1920x1080.jpg 1920w, https:\/\/hilandarwines.com\/wp-content\/uploads\/2020\/06\/the_winery_6-hilandar_wines-400x225.jpg 400w\" sizes=\"auto, (max-width: 1440px) 100vw, 1440px\" \/><\/figure><\/li><\/ul><\/figure>\n","protected":false},"excerpt":{"rendered":"<p>Die Notwendigkeit, ein neues Weingut zu schaffen, das den Bedarf f\u00fcr die Produktion gr\u00f6\u00dferer Weinmengen decken kann, entstand nach dem verheerenden Brand des Jahres 2004, der den Klosterkomplex des Heiligen Klosters Hilandar fast vollst\u00e4ndig zerst\u00f6rte. Die Notwendigkeit, ein neues Weingut zu schaffen, das den Bedarf f\u00fcr die Produktion gr\u00f6\u00dferer Weinmengen decken kann, entstand nach dem [&hellip;]<\/p>\n","protected":false},"author":1,"featured_media":1115,"parent":0,"menu_order":0,"comment_status":"closed","ping_status":"closed","template":"","meta":{"footnotes":""},"class_list":["post-1107","page","type-page","status-publish","has-post-thumbnail","hentry"],"_links":{"self":[{"href":"https:\/\/hilandarwines.com\/de\/wp-json\/wp\/v2\/pages\/1107","targetHints":{"allow":["GET"]}}],"collection":[{"href":"https:\/\/hilandarwines.com\/de\/wp-json\/wp\/v2\/pages"}],"about":[{"href":"https:\/\/hilandarwines.com\/de\/wp-json\/wp\/v2\/types\/page"}],"author":[{"embeddable":true,"href":"https:\/\/hilandarwines.com\/de\/wp-json\/wp\/v2\/users\/1"}],"replies":[{"embeddable":true,"href":"https:\/\/hilandarwines.com\/de\/wp-json\/wp\/v2\/comments?post=1107"}],"version-history":[{"count":5,"href":"https:\/\/hilandarwines.com\/de\/wp-json\/wp\/v2\/pages\/1107\/revisions"}],"predecessor-version":[{"id":1615,"href":"https:\/\/hilandarwines.com\/de\/wp-json\/wp\/v2\/pages\/1107\/revisions\/1615"}],"wp:featuredmedia":[{"embeddable":true,"href":"https:\/\/hilandarwines.com\/de\/wp-json\/wp\/v2\/media\/1115"}],"wp:attachment":[{"href":"https:\/\/hilandarwines.com\/de\/wp-json\/wp\/v2\/media?parent=1107"}],"curies":[{"name":"wp","href":"https:\/\/api.w.org\/{rel}","templated":true}]}}