{"id":1094,"date":"2020-07-10T08:43:27","date_gmt":"2020-07-10T08:43:27","guid":{"rendered":"https:\/\/hilandarwines.com\/?page_id=1094"},"modified":"2020-12-16T09:55:00","modified_gmt":"2020-12-16T09:55:00","slug":"the-vineyards","status":"publish","type":"page","link":"https:\/\/hilandarwines.com\/de\/the-vineyards\/","title":{"rendered":"The Vineyards"},"content":{"rendered":"\n<figure class=\"wp-block-gallery columns-1 is-cropped slider main wp-block-gallery-1 is-layout-flex wp-block-gallery-is-layout-flex\"><ul class=\"blocks-gallery-grid\"><li class=\"blocks-gallery-item\"><figure><img loading=\"lazy\" decoding=\"async\" width=\"1440\" height=\"810\" src=\"https:\/\/hilandarwines.com\/wp-content\/uploads\/2020\/06\/the_vineyards-hilandar_wines-1440x810.jpg\" alt=\"\" data-id=\"570\" data-full-url=\"https:\/\/hilandarwines.com\/wp-content\/uploads\/2020\/06\/the_vineyards-hilandar_wines-scaled.jpg\" data-link=\"https:\/\/hilandarwines.com\/the-vineyards\/attachment\/the_vineyards-hilandar_wines-2\/\" class=\"wp-image-570\" srcset=\"https:\/\/hilandarwines.com\/wp-content\/uploads\/2020\/06\/the_vineyards-hilandar_wines-1440x810.jpg 1440w, https:\/\/hilandarwines.com\/wp-content\/uploads\/2020\/06\/the_vineyards-hilandar_wines-990x557.jpg 990w, https:\/\/hilandarwines.com\/wp-content\/uploads\/2020\/06\/the_vineyards-hilandar_wines-1920x1080.jpg 1920w, https:\/\/hilandarwines.com\/wp-content\/uploads\/2020\/06\/the_vineyards-hilandar_wines-400x225.jpg 400w\" sizes=\"auto, (max-width: 1440px) 100vw, 1440px\" \/><\/figure><\/li><\/ul><\/figure>\n\n\n\n<div class=\"wp-block-group\"><div class=\"wp-block-group__inner-container is-layout-flow wp-block-group-is-layout-flow\">\n<p>Der Weinberg St. Savas Field erstreckt sich \u00fcber die H\u00e4nge des Athos bis zur \u00c4g\u00e4is. Auf den 17 Hektar Weinbergen wird eine Auswahl von Merlot, Cabernet Franc und Cabernet Sauvignon hergestellt.<\/p>\n\n\n\n<figure class=\"wp-block-gallery columns-1 is-cropped wp-block-gallery-2 is-layout-flex wp-block-gallery-is-layout-flex\"><ul class=\"blocks-gallery-grid\"><li class=\"blocks-gallery-item\"><figure><img loading=\"lazy\" decoding=\"async\" width=\"1440\" height=\"810\" src=\"https:\/\/hilandarwines.com\/wp-content\/uploads\/2020\/06\/the_vineyards_2-hilandar_wines-1440x810.jpg\" alt=\"\" data-id=\"571\" data-full-url=\"https:\/\/hilandarwines.com\/wp-content\/uploads\/2020\/06\/the_vineyards_2-hilandar_wines-scaled.jpg\" data-link=\"https:\/\/hilandarwines.com\/the-vineyards\/attachment\/the_vineyards_2-hilandar_wines-2\/\" class=\"wp-image-571\" srcset=\"https:\/\/hilandarwines.com\/wp-content\/uploads\/2020\/06\/the_vineyards_2-hilandar_wines-1440x810.jpg 1440w, https:\/\/hilandarwines.com\/wp-content\/uploads\/2020\/06\/the_vineyards_2-hilandar_wines-990x557.jpg 990w, https:\/\/hilandarwines.com\/wp-content\/uploads\/2020\/06\/the_vineyards_2-hilandar_wines-1920x1080.jpg 1920w, https:\/\/hilandarwines.com\/wp-content\/uploads\/2020\/06\/the_vineyards_2-hilandar_wines-400x225.jpg 400w\" sizes=\"auto, (max-width: 1440px) 100vw, 1440px\" \/><\/figure><\/li><\/ul><\/figure>\n<\/div><\/div>\n\n\n\n<figure class=\"wp-block-gallery columns-1 is-cropped slider wp-block-gallery-3 is-layout-flex wp-block-gallery-is-layout-flex\"><ul class=\"blocks-gallery-grid\"><li class=\"blocks-gallery-item\"><figure><img loading=\"lazy\" decoding=\"async\" width=\"1440\" height=\"810\" src=\"https:\/\/hilandarwines.com\/wp-content\/uploads\/2020\/05\/the_vineyards_3-hilandar_wines-1440x810.jpg\" alt=\"\" data-id=\"223\" data-full-url=\"https:\/\/hilandarwines.com\/wp-content\/uploads\/2020\/05\/the_vineyards_3-hilandar_wines-scaled.jpg\" data-link=\"https:\/\/hilandarwines.com\/the-vineyards\/attachment\/the_vineyards_3-hilandar_wines\/\" class=\"wp-image-223\" srcset=\"https:\/\/hilandarwines.com\/wp-content\/uploads\/2020\/05\/the_vineyards_3-hilandar_wines-1440x810.jpg 1440w, https:\/\/hilandarwines.com\/wp-content\/uploads\/2020\/05\/the_vineyards_3-hilandar_wines-990x557.jpg 990w, https:\/\/hilandarwines.com\/wp-content\/uploads\/2020\/05\/the_vineyards_3-hilandar_wines-1920x1080.jpg 1920w, https:\/\/hilandarwines.com\/wp-content\/uploads\/2020\/05\/the_vineyards_3-hilandar_wines-400x225.jpg 400w\" sizes=\"auto, (max-width: 1440px) 100vw, 1440px\" \/><\/figure><\/li><\/ul><\/figure>\n\n\n\n<div class=\"wp-block-group\"><div class=\"wp-block-group__inner-container is-layout-flow wp-block-group-is-layout-flow\">\n<p>Das Mikroklima des Berges Athos mit seinen kalten N\u00e4chten und milden warmen Tagen tr\u00e4gt zur idealen Reife der Weinberge bei.<\/p>\n\n\n\n<figure class=\"wp-block-gallery columns-2 is-cropped wp-block-gallery-4 is-layout-flex wp-block-gallery-is-layout-flex\"><ul class=\"blocks-gallery-grid\"><li class=\"blocks-gallery-item\"><figure><img loading=\"lazy\" decoding=\"async\" width=\"1440\" height=\"1920\" src=\"https:\/\/hilandarwines.com\/wp-content\/uploads\/2020\/06\/the_vineyards_4-hilandar_wines-1440x1920.jpg\" alt=\"\" data-id=\"1101\" data-full-url=\"https:\/\/hilandarwines.com\/wp-content\/uploads\/2020\/06\/the_vineyards_4-hilandar_wines-scaled.jpg\" data-link=\"https:\/\/hilandarwines.com\/de\/the-vineyards\/attachment\/the_vineyards_4-hilandar_wines-2\/\" class=\"wp-image-1101\" srcset=\"https:\/\/hilandarwines.com\/wp-content\/uploads\/2020\/06\/the_vineyards_4-hilandar_wines-1440x1920.jpg 1440w, https:\/\/hilandarwines.com\/wp-content\/uploads\/2020\/06\/the_vineyards_4-hilandar_wines-990x1320.jpg 990w, https:\/\/hilandarwines.com\/wp-content\/uploads\/2020\/06\/the_vineyards_4-hilandar_wines-scaled.jpg 1920w, https:\/\/hilandarwines.com\/wp-content\/uploads\/2020\/06\/the_vineyards_4-hilandar_wines-400x533.jpg 400w\" sizes=\"auto, (max-width: 1440px) 100vw, 1440px\" \/><\/figure><\/li><li class=\"blocks-gallery-item\"><figure><img loading=\"lazy\" decoding=\"async\" width=\"1440\" height=\"1920\" src=\"https:\/\/hilandarwines.com\/wp-content\/uploads\/2020\/12\/190830_MG_3836_y2160-1440x1920.jpg\" alt=\"\" data-id=\"1494\" data-full-url=\"https:\/\/hilandarwines.com\/wp-content\/uploads\/2020\/12\/190830_MG_3836_y2160-scaled.jpg\" data-link=\"https:\/\/hilandarwines.com\/de\/the-vineyards\/attachment\/190830_mg_3836_y2160-2\/\" class=\"wp-image-1494\" srcset=\"https:\/\/hilandarwines.com\/wp-content\/uploads\/2020\/12\/190830_MG_3836_y2160-1440x1920.jpg 1440w, https:\/\/hilandarwines.com\/wp-content\/uploads\/2020\/12\/190830_MG_3836_y2160-990x1320.jpg 990w, https:\/\/hilandarwines.com\/wp-content\/uploads\/2020\/12\/190830_MG_3836_y2160-scaled.jpg 1920w, https:\/\/hilandarwines.com\/wp-content\/uploads\/2020\/12\/190830_MG_3836_y2160-400x533.jpg 400w\" sizes=\"auto, (max-width: 1440px) 100vw, 1440px\" \/><\/figure><\/li><\/ul><\/figure>\n<\/div><\/div>\n\n\n\n<figure class=\"wp-block-gallery columns-1 is-cropped slider wp-block-gallery-5 is-layout-flex wp-block-gallery-is-layout-flex\"><ul class=\"blocks-gallery-grid\"><li class=\"blocks-gallery-item\"><figure><img loading=\"lazy\" decoding=\"async\" width=\"1440\" height=\"810\" src=\"https:\/\/hilandarwines.com\/wp-content\/uploads\/2020\/06\/the_vineyards-hilandar_wines-1440x810.jpg\" alt=\"\" data-id=\"570\" data-full-url=\"https:\/\/hilandarwines.com\/wp-content\/uploads\/2020\/06\/the_vineyards-hilandar_wines-scaled.jpg\" data-link=\"https:\/\/hilandarwines.com\/the-vineyards\/attachment\/the_vineyards-hilandar_wines-2\/\" class=\"wp-image-570\" srcset=\"https:\/\/hilandarwines.com\/wp-content\/uploads\/2020\/06\/the_vineyards-hilandar_wines-1440x810.jpg 1440w, https:\/\/hilandarwines.com\/wp-content\/uploads\/2020\/06\/the_vineyards-hilandar_wines-990x557.jpg 990w, https:\/\/hilandarwines.com\/wp-content\/uploads\/2020\/06\/the_vineyards-hilandar_wines-1920x1080.jpg 1920w, https:\/\/hilandarwines.com\/wp-content\/uploads\/2020\/06\/the_vineyards-hilandar_wines-400x225.jpg 400w\" sizes=\"auto, (max-width: 1440px) 100vw, 1440px\" \/><\/figure><\/li><\/ul><\/figure>\n","protected":false},"excerpt":{"rendered":"<p>Der Weinberg St. Savas Field erstreckt sich \u00fcber die H\u00e4nge des Athos bis zur \u00c4g\u00e4is. Auf den 17 Hektar Weinbergen wird eine Auswahl von Merlot, Cabernet Franc und Cabernet Sauvignon hergestellt. Das Mikroklima des Berges Athos mit seinen kalten N\u00e4chten und milden warmen Tagen tr\u00e4gt zur idealen Reife der Weinberge bei.<\/p>\n","protected":false},"author":1,"featured_media":1102,"parent":0,"menu_order":0,"comment_status":"closed","ping_status":"closed","template":"","meta":{"footnotes":""},"class_list":["post-1094","page","type-page","status-publish","has-post-thumbnail","hentry"],"_links":{"self":[{"href":"https:\/\/hilandarwines.com\/de\/wp-json\/wp\/v2\/pages\/1094","targetHints":{"allow":["GET"]}}],"collection":[{"href":"https:\/\/hilandarwines.com\/de\/wp-json\/wp\/v2\/pages"}],"about":[{"href":"https:\/\/hilandarwines.com\/de\/wp-json\/wp\/v2\/types\/page"}],"author":[{"embeddable":true,"href":"https:\/\/hilandarwines.com\/de\/wp-json\/wp\/v2\/users\/1"}],"replies":[{"embeddable":true,"href":"https:\/\/hilandarwines.com\/de\/wp-json\/wp\/v2\/comments?post=1094"}],"version-history":[{"count":3,"href":"https:\/\/hilandarwines.com\/de\/wp-json\/wp\/v2\/pages\/1094\/revisions"}],"predecessor-version":[{"id":1499,"href":"https:\/\/hilandarwines.com\/de\/wp-json\/wp\/v2\/pages\/1094\/revisions\/1499"}],"wp:featuredmedia":[{"embeddable":true,"href":"https:\/\/hilandarwines.com\/de\/wp-json\/wp\/v2\/media\/1102"}],"wp:attachment":[{"href":"https:\/\/hilandarwines.com\/de\/wp-json\/wp\/v2\/media?parent=1094"}],"curies":[{"name":"wp","href":"https:\/\/api.w.org\/{rel}","templated":true}]}}