{"id":1087,"date":"2020-07-10T08:34:40","date_gmt":"2020-07-10T08:34:40","guid":{"rendered":"https:\/\/hilandarwines.com\/?page_id=1087"},"modified":"2020-08-03T11:37:29","modified_gmt":"2020-08-03T11:37:29","slug":"the-wines","status":"publish","type":"page","link":"https:\/\/hilandarwines.com\/de\/the-wines\/","title":{"rendered":"The Wines"},"content":{"rendered":"\n<figure class=\"wp-block-gallery columns-1 is-cropped slider main wp-block-gallery-1 is-layout-flex wp-block-gallery-is-layout-flex\"><ul class=\"blocks-gallery-grid\"><li class=\"blocks-gallery-item\"><figure><img loading=\"lazy\" decoding=\"async\" width=\"1440\" height=\"810\" src=\"https:\/\/hilandarwines.com\/wp-content\/uploads\/2020\/05\/red_2017_composition-hilandar-wines-1440x810.jpg\" alt=\"\" data-id=\"339\" data-full-url=\"https:\/\/hilandarwines.com\/wp-content\/uploads\/2020\/05\/red_2017_composition-hilandar-wines.jpg\" data-link=\"https:\/\/hilandarwines.com\/the-wines\/attachment\/red_2017_composition-hilandar-wines\/\" class=\"wp-image-339\" srcset=\"https:\/\/hilandarwines.com\/wp-content\/uploads\/2020\/05\/red_2017_composition-hilandar-wines-1440x810.jpg 1440w, https:\/\/hilandarwines.com\/wp-content\/uploads\/2020\/05\/red_2017_composition-hilandar-wines-990x557.jpg 990w, https:\/\/hilandarwines.com\/wp-content\/uploads\/2020\/05\/red_2017_composition-hilandar-wines-400x225.jpg 400w, https:\/\/hilandarwines.com\/wp-content\/uploads\/2020\/05\/red_2017_composition-hilandar-wines.jpg 1920w\" sizes=\"auto, (max-width: 1440px) 100vw, 1440px\" \/><\/figure><\/li><\/ul><\/figure>\n\n\n<div data-block-name=\"woocommerce\/featured-product\" data-edit-mode=\"false\" data-media-id=\"1135\" data-media-src=\"https:\/\/hilandarwines.com\/wp-content\/uploads\/2020\/06\/Clean-Red-scaled.jpg\" data-product-id=\"1144\" class=\"wc-block-featured-product alignnone has-background-dim wp-block-woocommerce-featured-product\" style=\"min-height:500px;\"><div class=\"wc-block-featured-product__wrapper\"><div class=\"background-dim__overlay\" style=\"background-color: #000000\"><\/div><img decoding=\"async\" alt=\"Hilandar Red 2019\" class=\"wc-block-featured-product__background-image\" src=\"https:\/\/hilandarwines.com\/wp-content\/uploads\/2020\/06\/Clean-Red-1440x2093.jpg\" style=\"object-fit: none;object-position: 50% 50%;\" \/><h2 class=\"wc-block-featured-product__title\">Hilandar Red 2019<\/h2><div class=\"wc-block-featured-product__description\"><h2 class=\"product_short_description_title text-uppercase\">Beschreibung<\/h2><p>Tiefer Rubin mit violetten Reflexen. Aromen wie wilde Sauerkirsche, schwarze Johannisbeere, Kirsche und Thymian. Reichhaltig, lecker im Mund mit sp\u00fcrbarer S\u00e4ure und samtiger Textur. Hilandar bleibt 12 Monate in Eichenf\u00e4ssern von 225 lt. und 12 Monate in der Flasche.<\/p>\n<\/div><div class=\"wc-block-featured-product__price\"><span class=\"woocommerce-Price-amount amount\"><span class=\"woocommerce-Price-currencySymbol\">&euro;<\/span>13.00<\/span><\/div><div class=\"wc-block-featured-product__link\">\n\n<div class=\"wp-block-button aligncenter\"><a class=\"wp-block-button__link\" href=\"https:\/\/hilandarwines.com\/de\/shop\/hilandar-red-2017\/\">Shop now<\/a><\/div>\n\n<\/div><\/div><\/div>\n\n\n<figure class=\"wp-block-gallery columns-1 is-cropped slider wp-block-gallery-2 is-layout-flex wp-block-gallery-is-layout-flex\"><ul class=\"blocks-gallery-grid\"><li class=\"blocks-gallery-item\"><figure><img loading=\"lazy\" decoding=\"async\" width=\"2560\" height=\"1440\" src=\"https:\/\/hilandarwines.com\/wp-content\/uploads\/2020\/03\/Hilandar-Monastery-Red-CloseUp-1-scaled.jpg\" alt=\"\" data-id=\"988\" data-full-url=\"https:\/\/hilandarwines.com\/wp-content\/uploads\/2020\/03\/Hilandar-Monastery-Red-CloseUp-1-scaled.jpg\" data-link=\"https:\/\/hilandarwines.com\/?attachment_id=988\" class=\"wp-image-988\"\/><\/figure><\/li><\/ul><\/figure>\n\n\n<div data-block-name=\"woocommerce\/featured-product\" data-edit-mode=\"false\" data-media-id=\"1138\" data-media-src=\"https:\/\/hilandarwines.com\/wp-content\/uploads\/2020\/06\/Roze-1-scaled.jpg\" data-product-id=\"1147\" class=\"wc-block-featured-product alignnone has-background-dim wp-block-woocommerce-featured-product\" style=\"min-height:500px;\"><div class=\"wc-block-featured-product__wrapper\"><div class=\"background-dim__overlay\" style=\"background-color: #000000\"><\/div><img decoding=\"async\" alt=\"Hilandar Ros\u00e9 2024\" class=\"wc-block-featured-product__background-image\" src=\"https:\/\/hilandarwines.com\/wp-content\/uploads\/2020\/06\/Roze-1-1440x2093.jpg\" style=\"object-fit: none;object-position: 50% 50%;\" \/><h2 class=\"wc-block-featured-product__title\">Hilandar Ros\u00e9 2024<\/h2><div class=\"wc-block-featured-product__description\"><h2 class=\"product_short_description_title text-uppercase\">Beschreibung<\/h2><p>Blasse Lachsfarbe, elegante Nase mit intensiven Aromen von Erdbeeren, Kirschen der K\u00f6nigin Anne und wei\u00dffleischigen Fr\u00fcchten. Mittelvolumiger Mund mit erfrischenden S\u00e4ure- und Geschmackseigenschaften von Rot- und Zitrusfr\u00fcchten, darunter Noten von Toffee. Langer und fruchtiger Nachgeschmack.<\/p>\n<\/div><div class=\"wc-block-featured-product__price\"><span class=\"woocommerce-Price-amount amount\"><span class=\"woocommerce-Price-currencySymbol\">&euro;<\/span>12.00<\/span><\/div><div class=\"wc-block-featured-product__link\">\n\n<div class=\"wp-block-button aligncenter\"><a class=\"wp-block-button__link\" href=\"https:\/\/hilandarwines.com\/de\/shop\/hilandar-rose-2019\/\">Shop now<\/a><\/div>\n\n<\/div><\/div><\/div>\n\n\n<figure class=\"wp-block-gallery columns-1 is-cropped slider wp-block-gallery-3 is-layout-flex wp-block-gallery-is-layout-flex\"><ul class=\"blocks-gallery-grid\"><li class=\"blocks-gallery-item\"><figure><img decoding=\"async\" src=\"https:\/\/hilandarwines.com\/wp-content\/uploads\/2020\/06\/Hilandar-Monastery-Rose-CloseUp-1-1440x810.jpg\" alt=\"\" data-id=\"1042\" data-full-url=\"https:\/\/hilandarwines.com\/wp-content\/uploads\/2020\/06\/Hilandar-Monastery-Rose-CloseUp-1-scaled.jpg\" data-link=\"https:\/\/hilandarwines.com\/the-wines\/attachment\/hilandar-monastery-rose-closeup-2\/\" class=\"wp-image-1042\"\/><\/figure><\/li><\/ul><\/figure>\n\n\n<div data-block-name=\"woocommerce\/featured-product\" data-edit-mode=\"false\" data-media-id=\"1283\" data-media-src=\"https:\/\/hilandarwines.com\/wp-content\/uploads\/2020\/08\/StSavasWhitebg-scaled.jpg\" data-product-id=\"1141\" class=\"wc-block-featured-product alignnone has-background-dim wp-block-woocommerce-featured-product\" style=\"min-height:500px;\"><div class=\"wc-block-featured-product__wrapper\"><div class=\"background-dim__overlay\" style=\"background-color: #000000\"><\/div><img decoding=\"async\" alt=\"St. Savva\u2019s Field 2016\" class=\"wc-block-featured-product__background-image\" src=\"https:\/\/hilandarwines.com\/wp-content\/uploads\/2020\/08\/StSavasWhitebg-1440x2093.jpg\" style=\"object-fit: none;object-position: 50% 50%;\" \/><h2 class=\"wc-block-featured-product__title\">St. Savva\u2019s Field 2016<\/h2><div class=\"wc-block-featured-product__description\"><h2 class=\"product_short_description_title text-uppercase\">Beschreibung<\/h2><p>Tiefrote Farbe mit violetten Nuancen am Rand. Reichhaltiger Geschmack mit schwarzen Fr\u00fcchten, Lakritzaromen und Spuren von Leder und Cassis. Feine Tannine, langer und herrlicher Nachgeschmack. St. Sava&#8217;s Field 2011 verbleibt 12 Monate in f\u00fcnf Tonnen schweren franz\u00f6sischen Eichenf\u00e4ssern, 12 Monate in 225 lt Eichenf\u00e4ssern. und 12 Monate in der Flasche.<\/p>\n<\/div><div class=\"wc-block-featured-product__price\"><span class=\"woocommerce-Price-amount amount\"><span class=\"woocommerce-Price-currencySymbol\">&euro;<\/span>22.32<\/span><\/div><div class=\"wc-block-featured-product__link\">\n\n<div class=\"wp-block-button aligncenter\"><a class=\"wp-block-button__link\" href=\"https:\/\/hilandarwines.com\/de\/shop\/st-savvas-field\/\">Shop now<\/a><\/div>\n\n<\/div><\/div><\/div>\n\n\n<figure class=\"wp-block-gallery columns-1 is-cropped slider wp-block-gallery-4 is-layout-flex wp-block-gallery-is-layout-flex\"><ul class=\"blocks-gallery-grid\"><li class=\"blocks-gallery-item\"><figure><img loading=\"lazy\" decoding=\"async\" width=\"2560\" height=\"1440\" src=\"https:\/\/hilandarwines.com\/wp-content\/uploads\/2020\/03\/Hilandar-Monastery-Savas-CloseUp-scaled.jpg\" alt=\"\" data-id=\"987\" data-full-url=\"https:\/\/hilandarwines.com\/wp-content\/uploads\/2020\/03\/Hilandar-Monastery-Savas-CloseUp-scaled.jpg\" data-link=\"https:\/\/hilandarwines.com\/?attachment_id=987\" class=\"wp-image-987\"\/><\/figure><\/li><\/ul><\/figure>\n","protected":false},"excerpt":{"rendered":"","protected":false},"author":1,"featured_media":0,"parent":0,"menu_order":0,"comment_status":"closed","ping_status":"closed","template":"template-wines.php","meta":{"footnotes":""},"class_list":["post-1087","page","type-page","status-publish","hentry"],"_links":{"self":[{"href":"https:\/\/hilandarwines.com\/de\/wp-json\/wp\/v2\/pages\/1087","targetHints":{"allow":["GET"]}}],"collection":[{"href":"https:\/\/hilandarwines.com\/de\/wp-json\/wp\/v2\/pages"}],"about":[{"href":"https:\/\/hilandarwines.com\/de\/wp-json\/wp\/v2\/types\/page"}],"author":[{"embeddable":true,"href":"https:\/\/hilandarwines.com\/de\/wp-json\/wp\/v2\/users\/1"}],"replies":[{"embeddable":true,"href":"https:\/\/hilandarwines.com\/de\/wp-json\/wp\/v2\/comments?post=1087"}],"version-history":[{"count":4,"href":"https:\/\/hilandarwines.com\/de\/wp-json\/wp\/v2\/pages\/1087\/revisions"}],"predecessor-version":[{"id":1287,"href":"https:\/\/hilandarwines.com\/de\/wp-json\/wp\/v2\/pages\/1087\/revisions\/1287"}],"wp:attachment":[{"href":"https:\/\/hilandarwines.com\/de\/wp-json\/wp\/v2\/media?parent=1087"}],"curies":[{"name":"wp","href":"https:\/\/api.w.org\/{rel}","templated":true}]}}